{"id":18,"date":"2025-10-23T07:52:30","date_gmt":"2025-10-23T07:52:30","guid":{"rendered":"https:\/\/kindertagespflegelebach.de\/web\/?page_id=18"},"modified":"2025-10-23T12:16:52","modified_gmt":"2025-10-23T12:16:52","slug":"willkommen","status":"publish","type":"page","link":"https:\/\/kindertagespflegelebach.de\/web\/","title":{"rendered":"Willkommen"},"content":{"rendered":"\n<figure class=\"wp-block-image size-full\"><img loading=\"lazy\" decoding=\"async\" width=\"1280\" height=\"960\" src=\"https:\/\/kindertagespflegelebach.de\/web\/wp-content\/uploads\/2025\/10\/Haus-Lebach.jpg\" alt=\"\" class=\"wp-image-75\" srcset=\"https:\/\/kindertagespflegelebach.de\/web\/wp-content\/uploads\/2025\/10\/Haus-Lebach.jpg 1280w, https:\/\/kindertagespflegelebach.de\/web\/wp-content\/uploads\/2025\/10\/Haus-Lebach-300x225.jpg 300w, https:\/\/kindertagespflegelebach.de\/web\/wp-content\/uploads\/2025\/10\/Haus-Lebach-1024x768.jpg 1024w, https:\/\/kindertagespflegelebach.de\/web\/wp-content\/uploads\/2025\/10\/Haus-Lebach-768x576.jpg 768w\" sizes=\"auto, (max-width: 1280px) 100vw, 1280px\" \/><\/figure>\n\n\n\n<p>Herzlich willkommen bei Gl\u00fchw\u00fcrmchen, der Kindertagesst\u00e4tte in Lebach!<br>Sie suchen eine Tagesmutter bzw. einen Tagesvater? Dann sind Sie hier genau richtig!<\/p>\n\n\n\n<figure class=\"wp-block-gallery has-nested-images columns-default is-cropped wp-block-gallery-1 is-layout-flex wp-block-gallery-is-layout-flex\">\n<figure class=\"wp-block-image size-large\"><img loading=\"lazy\" decoding=\"async\" width=\"225\" height=\"300\" data-id=\"54\" src=\"https:\/\/kindertagespflegelebach.de\/web\/wp-content\/uploads\/2025\/10\/Schlafzimmer-2-2-225x300-1.jpg\" alt=\"\" class=\"wp-image-54\"\/><\/figure>\n\n\n\n<figure class=\"wp-block-image size-large\"><img loading=\"lazy\" decoding=\"async\" width=\"225\" height=\"300\" data-id=\"53\" src=\"https:\/\/kindertagespflegelebach.de\/web\/wp-content\/uploads\/2025\/10\/Flur-2-225x300-1.jpg\" alt=\"\" class=\"wp-image-53\"\/><\/figure>\n\n\n\n<figure class=\"wp-block-image size-large\"><img loading=\"lazy\" decoding=\"async\" width=\"300\" height=\"225\" data-id=\"52\" src=\"https:\/\/kindertagespflegelebach.de\/web\/wp-content\/uploads\/2025\/10\/Flur-300x225-1.jpg\" alt=\"\" class=\"wp-image-52\"\/><\/figure>\n<\/figure>\n\n\n\n<p><\/p>\n","protected":false},"excerpt":{"rendered":"<p>Herzlich willkommen bei Gl\u00fchw\u00fcrmchen, der Kindertagesst\u00e4tte in Lebach!Sie suchen eine Tagesmutter bzw. einen Tagesvater? Dann sind Sie hier genau richtig!<\/p>\n","protected":false},"author":1,"featured_media":0,"parent":0,"menu_order":0,"comment_status":"closed","ping_status":"closed","template":"","meta":{"footnotes":""},"class_list":["post-18","page","type-page","status-publish","hentry"],"_links":{"self":[{"href":"https:\/\/kindertagespflegelebach.de\/web\/wp-json\/wp\/v2\/pages\/18","targetHints":{"allow":["GET"]}}],"collection":[{"href":"https:\/\/kindertagespflegelebach.de\/web\/wp-json\/wp\/v2\/pages"}],"about":[{"href":"https:\/\/kindertagespflegelebach.de\/web\/wp-json\/wp\/v2\/types\/page"}],"author":[{"embeddable":true,"href":"https:\/\/kindertagespflegelebach.de\/web\/wp-json\/wp\/v2\/users\/1"}],"replies":[{"embeddable":true,"href":"https:\/\/kindertagespflegelebach.de\/web\/wp-json\/wp\/v2\/comments?post=18"}],"version-history":[{"count":6,"href":"https:\/\/kindertagespflegelebach.de\/web\/wp-json\/wp\/v2\/pages\/18\/revisions"}],"predecessor-version":[{"id":87,"href":"https:\/\/kindertagespflegelebach.de\/web\/wp-json\/wp\/v2\/pages\/18\/revisions\/87"}],"wp:attachment":[{"href":"https:\/\/kindertagespflegelebach.de\/web\/wp-json\/wp\/v2\/media?parent=18"}],"curies":[{"name":"wp","href":"https:\/\/api.w.org\/{rel}","templated":true}]}}